{"id":1109,"date":"2020-03-22T10:03:35","date_gmt":"2020-03-22T10:03:35","guid":{"rendered":"https:\/\/testth.erfred.fr\/?page_id=1109"},"modified":"2020-04-13T20:17:08","modified_gmt":"2020-04-13T20:17:08","slug":"le-b-a-ba-accus-au-plomb","status":"publish","type":"page","link":"https:\/\/ni-cd.net\/wpnicd\/index.php\/le-b-a-ba-accus-au-plomb\/","title":{"rendered":"Le B.A.ba : accus au Plomb"},"content":{"rendered":"\n<p style=\"color:#0071a1\" class=\"has-text-color has-text-align-center has-medium-font-size\"><strong>C\u2019est bon vous tenez le coup \u2026!!!<br> Passons donc \u00e0 une autre technologie<br> les \u00ab&nbsp;batteries&nbsp;\u00bb au Plomb.<\/strong><\/p>\n\n\n\n<p style=\"color:#0071a1\" class=\"has-text-color has-text-align-center has-medium-font-size\"><br><\/p>\n\n\n\n<p>L\u2019accumulateur au Plomb Acide est la plus ancienne des technologies \npr\u00e9sent\u00e9es dans ce document. Elle a \u00e9t\u00e9 invent\u00e9e en 1859 par Plant\u00e9 \n(France). L\u2019utilisation principale que l\u2019on conna\u00eet des batteries au \nplomb est celle qui sert \u00e0 alimenter le d\u00e9marreur de notre voiture. Mais\n il existe bien d\u2019autres usages.<\/p>\n\n\n\n<p>Vous pouvez acc\u00e9der pour cette technologie aussi, via les paragraphes ci-dessous, aux  caract\u00e9ristiques aux particularit\u00e9s de cette technologie,<\/p>\n\n\n\n<ul class=\"wp-block-list\"><li>La constitution de ces \u00e9l\u00e9ments <\/li><li>Les caract\u00e9ristiques de ces \u00e9l\u00e9ments <\/li><li>Comment se passe la charge <\/li><li>Les pr\u00e9cautions d\u2019utilisation<\/li><\/ul>\n\n\n\n<p class=\"has-text-align-right has-medium-font-size\"><br><strong><a href=\"\/wpnicd\/index.php\/le-b-a-ba-plomb-constitution\">>>> Le B.A.ba Plomb : Constitution<\/a><\/strong><\/p>\n","protected":false},"excerpt":{"rendered":"<p>C\u2019est bon vous tenez le coup \u2026!!! Passons donc \u00e0 une autre technologie les \u00ab&nbsp;batteries&nbsp;\u00bb au Plomb. L\u2019accumulateur au Plomb Acide est la plus ancienne des technologies pr\u00e9sent\u00e9es dans ce document. Elle a \u00e9t\u00e9 invent\u00e9e en 1859 par Plant\u00e9 (France). L\u2019utilisation principale que l\u2019on conna\u00eet des batteries au plomb est celle qui sert \u00e0 alimenter [&hellip;]<\/p>\n","protected":false},"author":2,"featured_media":0,"parent":0,"menu_order":0,"comment_status":"closed","ping_status":"closed","template":"","meta":{"footnotes":""},"class_list":["post-1109","page","type-page","status-publish","hentry"],"_links":{"self":[{"href":"https:\/\/ni-cd.net\/wpnicd\/index.php\/wp-json\/wp\/v2\/pages\/1109"}],"collection":[{"href":"https:\/\/ni-cd.net\/wpnicd\/index.php\/wp-json\/wp\/v2\/pages"}],"about":[{"href":"https:\/\/ni-cd.net\/wpnicd\/index.php\/wp-json\/wp\/v2\/types\/page"}],"author":[{"embeddable":true,"href":"https:\/\/ni-cd.net\/wpnicd\/index.php\/wp-json\/wp\/v2\/users\/2"}],"replies":[{"embeddable":true,"href":"https:\/\/ni-cd.net\/wpnicd\/index.php\/wp-json\/wp\/v2\/comments?post=1109"}],"version-history":[{"count":9,"href":"https:\/\/ni-cd.net\/wpnicd\/index.php\/wp-json\/wp\/v2\/pages\/1109\/revisions"}],"predecessor-version":[{"id":1259,"href":"https:\/\/ni-cd.net\/wpnicd\/index.php\/wp-json\/wp\/v2\/pages\/1109\/revisions\/1259"}],"wp:attachment":[{"href":"https:\/\/ni-cd.net\/wpnicd\/index.php\/wp-json\/wp\/v2\/media?parent=1109"}],"curies":[{"name":"wp","href":"https:\/\/api.w.org\/{rel}","templated":true}]}}