{"id":1097,"date":"2020-03-22T09:48:27","date_gmt":"2020-03-22T09:48:27","guid":{"rendered":"https:\/\/testth.erfred.fr\/?page_id=1097"},"modified":"2020-08-25T20:56:23","modified_gmt":"2020-08-25T20:56:23","slug":"le-b-a-ba-ni-leffet-memoire","status":"publish","type":"page","link":"https:\/\/ni-cd.net\/wpnicd\/index.php\/le-b-a-ba-ni-leffet-memoire\/","title":{"rendered":"Le B.A.ba Ni-: L\u2019effet M\u00e9moire"},"content":{"rendered":"\n<p class=\"has-text-align-center has-text-color has-medium-font-size\" style=\"color:#0071a1\"><strong> C\u2019est quoi l\u2019effet m\u00e9moire ?   <\/strong>   <\/p>\n\n\n\n<p>Nous y voil\u00e0\u2026.<br>Pour ceux qui n\u2019en n\u2019ont jamais entendu parl\u00e9,<br>je vais d\u2019abord vous conter la l\u00e9gende de l\u2019<strong><em> \u00ab&nbsp;effet m\u00e9moire&nbsp;\u00bb<\/em><\/strong>.<br>Ensuite je vous en donnerai l\u2019explication scientifique.<br><\/p>\n\n\n\n<p class=\"has-very-light-gray-color has-text-color has-background\" style=\"background-color:#0071a1\"><strong>La l\u00e9gende :<\/strong><\/p>\n\n\n\n<p>Quand une batterie d\u2019accu perd partiellement sa capacit\u00e9 on met en          cause \u00ab&nbsp;l\u2019effet m\u00e9moire&nbsp;\u00bb.<br><em><strong>\u00ab&nbsp;On dit&nbsp;\u00bb <\/strong><\/em>que  si on recharge r\u00e9guli\u00e8rement une batterie sans la d\u00e9charger  compl\u00e8tement, au bout d\u2019un certain temps elle perd de sa capacit\u00e9 (ou  son autonomie). Il faudrait alors la d\u00e9charger \u00e0 fond puis la recharger  pour qu\u2019elle retrouve cette capacit\u00e9.<br><\/p>\n\n\n\n<p class=\"has-very-light-gray-color has-text-color has-background\" style=\"background-color:#0071a1\"><strong>L\u2019explication :<\/strong><\/p>\n\n\n\n<p>Ou plut\u00f4t les explications.  Tout vient de la <strong>confusion entre deux ph\u00e9nom\u00e8nes diff\u00e9rents<\/strong>.<\/p>\n\n\n\n<p class=\"has-text-align-center has-text-color\" style=\"color:#0071a1\"><strong>D\u00e9j\u00e0, l\u2019effet m\u00e9moire ne concerne UNIQUEMENT <\/strong><br><strong>que les technologies Ni-Cd ou Ni-MH.<\/strong><\/p>\n\n\n\n<p>En fait <strong>le vrai effet m\u00e9moire existe bien, mais vous ne le rencontrerez jamais avec vos accus<\/strong>.  Il est li\u00e9 \u00e0 des d\u00e9charges p\u00e9riodiques parfaitement identiques.  La  batterie se d\u00e9charge toujours \u00e0 la m\u00eame valeur, et au bout d\u2019un certain  temps il devient impossible de la d\u00e9charger en dessous de cette valeur,  m\u00eame si il lui reste de l\u2019\u00e9nergie emmagasin\u00e9e. C\u2019est comme si elle se  souvenait du seuil de d\u00e9charge habituel et comme si elle consid\u00e9rait que  ce seuil est devenu son minimum. D\u2019o\u00f9 le terme d\u2019effet m\u00e9moire.<br>Mais  ce ph\u00e9nom\u00e8ne ne s\u2019est produit \u00e0 ma connaissance que sur les satellites  artificiels tournant au dessus de nos t\u00eates. Les s\u00e9quences jour nuit y  sont exactement reproductibles et les d\u00e9charges parfaitement identiques.  Le vrai effet m\u00e9moire n\u2019a \u00ab&nbsp;jamais&nbsp;\u00bb \u00e9t\u00e9 constat\u00e9 ailleurs en  utilisation courante<\/p>\n\n\n\n<p><strong>Alors d\u2019o\u00f9 provient \u00ab&nbsp;l\u2019effet  m\u00e9moire&nbsp;\u00bb que nous constatons ici bas ?<\/strong><br>Cet\n effet a \u00e9t\u00e9 principalement constat\u00e9 sur les appareils portatifs comme \nles camescopes qui se coupent d\u00e8s que le seuil de tension de la batterie\n devient trop faible. Ceci a certainement \u00e9t\u00e9 mis en place pour prot\u00e9ger\n les accus de trop grosses d\u00e9charges. Donc quand votre appareil se \ncoupe, vous consid\u00e9rez que la batterie est vide. Normal.<br>Sauf que \u2026.. \u00ab&nbsp;l\u2019effet m\u00e9moire&nbsp;\u00bb est parfois pass\u00e9 par l\u00e0 et votre batterie se coupe bien avant la fin de son autonomie normale.<\/p>\n\n\n\n<figure class=\"wp-block-image size-large is-resized\"><img loading=\"lazy\" decoding=\"async\" src=\"https:\/\/ni-cd.net\/wpnicd\/wp-content\/uploads\/2019\/11\/effetmemoire.gif\" alt=\"\" class=\"wp-image-115\" width=\"513\" height=\"342\"\/><\/figure>\n\n\n\n<p><strong>Ceci provient d\u2019une modification d\u2019une partie de la structure de l\u2019\u00e9lectrolyte <\/strong>qui\n  entra\u00eene un palier de tension \u00e0 la d\u00e9charge. Au d\u00e9but de la  d\u00e9charge \ntout se passe bien puis au bout d\u2019un moment il y a  une l\u00e9g\u00e8re chute de \nla tension de quelques millivolts. La  d\u00e9charge se poursuit malgr\u00e9 tout \njusqu\u2019\u00e0 ce que l\u2019accu soit vide avec  une tension tr\u00e8s l\u00e9g\u00e8rement       \n      inf\u00e9rieure \u00e0 ce qu\u2019elle devrait  \u00eatre. Mais cette chute de tension\n notre camescope lui, il la  voit, et \u00e0 un certain niveau il la \nconsid\u00e8re comme si c\u2019\u00e9tait le reflet  de la chute de tension de la fin \nde d\u00e9charge normale de la  batterie. Et donc il s\u2019arr\u00eate avant que la \nbatterie soit  compl\u00e8tement d\u00e9charg\u00e9e.<\/p>\n\n\n\n<p><strong>Cette modification de la structure de l\u2019\u00e9lectrolyte se produit quand les batteries subissent des surcharges.<\/strong><br>Or\n quand on constate une baisse de capacit\u00e9 de ses accus on a tendance \u00e0 \nles recharger et \u00e0 les laisser un peu plus sur le chargeur. Erreur c\u2019est\n l\u00e0 qu\u2019on aggrave le probl\u00e8me. Heureusement ce ph\u00e9nom\u00e8ne est r\u00e9versible,\n car il suffit de vider compl\u00e8tement l\u2019accu <em>(rappel : mini 1V\/\u00e9l\u00e9ment)<\/em> puis de le recharger pour que l\u2019\u00e9lectrolyte retrouve sa structure normale et la batterie toute sa capacit\u00e9.<br><strong>Donc la meilleure fa\u00e7on d\u2019\u00e9viter l\u2019effet m\u00e9moire c\u2019est d\u2019utiliser un chargeur avec d\u00e9tection automatique de la fin de charge<\/strong>. A partir de l\u00e0 , plus de surcharge donc plus de probl\u00e8me d\u2019effet m\u00e9moire.<\/p>\n\n\n\n<p class=\"has-text-color\" style=\"color:#0071a1\"> Voil\u00e0 j\u2019ai essay\u00e9  de rester simple pour expliquer un ph\u00e9nom\u00e8ne malgr\u00e9 tout relativement  technique, <strong>pour plus de d\u00e9tails voir la page consacr\u00e9e en d\u00e9tail \u00e0  l\u2019effet m\u00e9moire : <a href=\"\/wpnicd\/index.php\/leffet-memoire\/\"><u>\u00ab&nbsp;En pratique \/ effet m\u00e9moire&nbsp;\u00bb <\/u><\/a>.<\/strong><\/p>\n\n\n\n<p class=\"has-text-align-center has-text-color has-medium-font-size\" style=\"color:#0071a1\"><br>************<br><strong><em>C&rsquo;est termin\u00e9 pour la technologie des accus au Nickel Ni-Cd et Ni-MH, <\/em><\/strong><br><strong><em>on va passer maintenant \u00e0 la techno des batteries au Plomb :<\/em><\/strong><\/p>\n\n\n\n<p class=\"has-text-align-right has-medium-font-size\"><br><strong><a href=\"\/wpnicd\/index.php\/le-b-a-ba-accus-au-plomb\">&gt;&gt;&gt; Le B.A.ba des accus au Plomb<\/a><\/strong><\/p>\n","protected":false},"excerpt":{"rendered":"<p>C\u2019est quoi l\u2019effet m\u00e9moire ? Nous y voil\u00e0\u2026.Pour ceux qui n\u2019en n\u2019ont jamais entendu parl\u00e9,je vais d\u2019abord vous conter la l\u00e9gende de l\u2019 \u00ab&nbsp;effet m\u00e9moire&nbsp;\u00bb.Ensuite je vous en donnerai l\u2019explication scientifique. La l\u00e9gende : Quand une batterie d\u2019accu perd partiellement sa capacit\u00e9 on met en cause \u00ab&nbsp;l\u2019effet m\u00e9moire&nbsp;\u00bb.\u00ab&nbsp;On dit&nbsp;\u00bb que si on recharge r\u00e9guli\u00e8rement une [&hellip;]<\/p>\n","protected":false},"author":2,"featured_media":0,"parent":0,"menu_order":0,"comment_status":"closed","ping_status":"closed","template":"","meta":{"footnotes":""},"class_list":["post-1097","page","type-page","status-publish","hentry"],"_links":{"self":[{"href":"https:\/\/ni-cd.net\/wpnicd\/index.php\/wp-json\/wp\/v2\/pages\/1097"}],"collection":[{"href":"https:\/\/ni-cd.net\/wpnicd\/index.php\/wp-json\/wp\/v2\/pages"}],"about":[{"href":"https:\/\/ni-cd.net\/wpnicd\/index.php\/wp-json\/wp\/v2\/types\/page"}],"author":[{"embeddable":true,"href":"https:\/\/ni-cd.net\/wpnicd\/index.php\/wp-json\/wp\/v2\/users\/2"}],"replies":[{"embeddable":true,"href":"https:\/\/ni-cd.net\/wpnicd\/index.php\/wp-json\/wp\/v2\/comments?post=1097"}],"version-history":[{"count":13,"href":"https:\/\/ni-cd.net\/wpnicd\/index.php\/wp-json\/wp\/v2\/pages\/1097\/revisions"}],"predecessor-version":[{"id":1510,"href":"https:\/\/ni-cd.net\/wpnicd\/index.php\/wp-json\/wp\/v2\/pages\/1097\/revisions\/1510"}],"wp:attachment":[{"href":"https:\/\/ni-cd.net\/wpnicd\/index.php\/wp-json\/wp\/v2\/media?parent=1097"}],"curies":[{"name":"wp","href":"https:\/\/api.w.org\/{rel}","templated":true}]}}