{"id":1083,"date":"2020-03-22T09:24:17","date_gmt":"2020-03-22T09:24:17","guid":{"rendered":"https:\/\/testth.erfred.fr\/?page_id=1083"},"modified":"2020-08-25T20:54:25","modified_gmt":"2020-08-25T20:54:25","slug":"le-b-a-ba-ni-la-charge","status":"publish","type":"page","link":"https:\/\/ni-cd.net\/wpnicd\/index.php\/le-b-a-ba-ni-la-charge\/","title":{"rendered":"Le B.A.ba Ni-: La Charge"},"content":{"rendered":"\n<p class=\"has-very-light-gray-color has-text-color has-background\" style=\"background-color:#0071a1\"><strong>Comment bien recharger mon accumulateur ?<\/strong><\/p>\n\n\n\n<p class=\"has-text-color\" style=\"color:#0071a1\"><strong>Une seule solution : <\/strong><br><strong>Pour bien charger vos accus il faut un bon chargeur.<\/strong><\/p>\n\n\n\n<p>La dur\u00e9e de vie de vos batteries sera essentiellement proportionnelle \u00e0 la qualit\u00e9 de votre chargeur.<br> Le probl\u00e8me c\u2019est qu\u2019un bon chargeur c\u2019est cher, voire tr\u00e8s cher.<br>\n Donc tout d\u00e9pend de l\u2019utilisation que vous fa\u00eetes de vos accus. Si elle\n est intensive, vous avez tout int\u00e9r\u00eat a investir dans un chargeur de \nqualit\u00e9.<br> Tout d\u2019abord voyons la th\u00e9orie de la charge.<\/p>\n\n\n\n<p>Charger un \u00e9l\u00e9ment, c\u2019est faire passer entre ses bornes + et \u2013 un courant \u00e9lectrique continu (permanent).<br>\nC\u2019est ce courant qui modifie la structure interne de la chimie contenue \ndans l\u2019\u00e9l\u00e9ment de fa\u00e7on \u00e0 ce que celle-ci stocke de l\u2019\u00e9nergie.<br>\nVoir page th\u00e9orie\/la chimie<br>\nOn applique normalement pour cela un courant \u00e9gal \u00e0 1\/10 \u00e8me de la capacit\u00e9 de l\u2019\u00e9l\u00e9ment.<\/p>\n\n\n\n<p><strong>Exemple : j\u2019ai des \u00e9l\u00e9ments de 2 Ah, j\u2019y fais passer un courant de 0,2 A.<\/strong><\/p>\n\n\n\n<p>Nota : ne pas confondre les Ah (Amp\u00e8res heures, unit\u00e9 de mesure de capacit\u00e9) et les A (Amp\u00e8res unit\u00e9 de mesure de courant \u00e9lectrique)<\/p>\n\n\n\n<p>En th\u00e9orie il faudrait appliquer ce courant pendant 2Ah \/ 0,2A = 10 \nh. Mais la r\u00e9action chimique de la charge a des pertes et le rendement \nn\u2019est pas \u00e9gal \u00e0 un mais plut\u00f4t \u00e0 0,7. Un courant au 1\/10\u00e8me doit donc \n\u00eatre maintenu pendant environ 14 h pour charger un \u00e9l\u00e9ment.<br> Si on charge plusieurs \u00e9l\u00e9ments, il suffit de les brancher en s\u00e9rie et de faire traverser l\u2019ensemble par le m\u00eame courant.<br><\/p>\n\n\n\n<figure class=\"wp-block-image size-large\"><img loading=\"lazy\" decoding=\"async\" width=\"300\" height=\"200\" src=\"https:\/\/ni-cd.net\/wpnicd\/wp-content\/uploads\/2019\/11\/babacharge-1.gif\" alt=\"\" class=\"wp-image-219\"\/><\/figure>\n\n\n\n<p>On a vu dans les pages pr\u00e9c\u00e9dentes que la tension d\u2019un accu \u00e9tait de 1,2 Volts.<br> En fait au cours de la charge cette tension \u00e9volue l\u00e9g\u00e8rement.<br> Lorsque l\u2019\u00e9l\u00e9ment est vide il pr\u00e9sente une tension d\u2019environ 1 Volt.<br> Lorsque l\u2019\u00e9l\u00e9ment est \u00e0 la fin de la charge il pr\u00e9sente une tension d\u2019environ 1,45 Volts.<br>\n Si \u00e0 ce moment on n\u2019arr\u00eate pas la charge, le courant qui continu de \ntraverser l\u2019\u00e9l\u00e9ment n\u2019est plus transform\u00e9 en \u00e9nergie stock\u00e9e. Il se \ndissipe alors en chaleur et l\u2019\u00e9l\u00e9ment commence \u00e0 s\u2019\u00e9chauffer. On \nconstate alors une l\u00e9g\u00e8re baisse de la tension de l\u2019accu. C\u2019est cet \ninstant qui correspond \u00e0 la fin de la charge que l\u2019on nomme Delta Peak \nou -dV\/dt<br><em> (qui se traduit math\u00e9matiquement par le changement de pente de la courbe de charge).<\/em><\/p>\n\n\n\n<p>Voir les pages Th\u00e9orie\/Charge Ni-Cd ou Th\u00e9orie\/Charge Ni-MH<br> Si on\n maintient ensuite le courant de charge, l\u2019accu entre en surcharge, ce \nqui provoque son \u00e9chauffement. Pour la technologie Ni-Cd cela entra\u00eene \nune usure pr\u00e9matur\u00e9e de l\u2019\u00e9l\u00e9ment, et pour le Ni-MH cela provoque une \ndestruction partielle de l\u2019\u00e9l\u00e9ment. La technologie Ni-MH n\u2019aime pas du \ntout la surcharge. Pour le Ni-Cd la surcharge est aussi \u00e0 l\u2019origine de \nce qu\u2019on appelle par confusion l\u2019effet m\u00e9moire et que nous verrons dans \nles pages suivantes.<\/p>\n\n\n\n<p>Le principe de charge que nous venons de d\u00e9crire est dit <strong>charge normale<\/strong>\n (avec un courant de 1\/10\u00e8me de la capacit\u00e9). Il existe bien s\u00fbr \nd\u2019autres m\u00e9thodes de charge, qui d\u00e9rivent de celle-ci. Il y a par \nexemple la charge rapide avec un courant \u00e9quivalent \u00e0 la capacit\u00e9 ( \ncourant de 1 A pour un accu de 1 Ah) qui charge donc l\u2019accu en 1 heure.<\/p>\n\n\n\n<p>La charge normale est la seule qui puisse \u00eatre appliqu\u00e9e sans risque \u00e0 tous les accus Ni-Cd et Ni-MH.<\/p>\n\n\n\n<p>J\u2019ai volontairement omis les petites diff\u00e9rences de charge qui \nexistent entre le technologies Ni-Cd et Ni-MH. Elles ne sont pas \nindispensables \u00e0 ce niveau et je vous renvoie pour plus de d\u00e9tails aux \npages Th\u00e9orie\/Charge Ni-Cd ou Th\u00e9orie\/Charge Ni-MH .<\/p>\n\n\n\n<p class=\"has-very-light-gray-color has-text-color has-background\" style=\"background-color:#0071a1\"><strong>Pour charger correctement vos \u00e9l\u00e9ments il va donc vous falloir un chargeur :<\/strong><\/p>\n\n\n\n<p>Le chargeur est un appareil \u00e9lectrique qui fournit le courant de \ncharge voulu pour les \u00e9l\u00e9ments consid\u00e9r\u00e9s et qui a assez de tension \ndisponible pour charger le nombre d\u2019\u00e9l\u00e9ments d\u00e9sir\u00e9s.<br> On a vu que la charge normale demande un courant de 1\/10\u00e8me de la capacit\u00e9 maintenu pendant 14 h.<br>\n Il suffirait donc d\u2019avoir un chargeur qui se coupe automatiquement au \nbout de 14 h et comme cela on serait s\u00fbr d\u2019avoir une batterie charg\u00e9e et\n pas surcharg\u00e9e. Dans ce cas il faut \u00eatre s\u00fbr qu\u2019au d\u00e9part la batterie \nest d\u00e9charg\u00e9e. Sinon, si il reste encore de l\u2019\u00e9nergie dans l\u2019\u00e9l\u00e9ment, il\n sera charg\u00e9 avant les 14 h.<br> Exemple notre accu de 2 Ah, si il lui \nreste encore 0.5 Ah et que le chargeur lui applique la charge normale \u00e0 \n0,2 A pendant 14 h il y aura surcharge pendant environ 4 h.<br> Avec ce type de chargeur il faut donc s\u2019assurer que la batterie est compl\u00e8tement d\u00e9charg\u00e9e avant de commencer la charge.<\/p>\n\n\n\n<p>L\u2019autre solution est un chargeur capable de d\u00e9tecter la fin de la \ncharge. On a dit tout \u00e0 l\u2019heure que ce moment \u00e9tait caract\u00e9ris\u00e9 par deux\n ph\u00e9nom\u00e8nes :<\/p>\n\n\n\n<ul class=\"wp-block-list\"><li>Un d\u00e9but d\u2019\u00e9l\u00e9vation de la temp\u00e9rature de l\u2019\u00e9l\u00e9ment. Pour \nd\u00e9tecter cela il suffit de mettre une sonde de temp\u00e9rature dans la \nbatterie, reli\u00e9e au chargeur qui fera des mesures r\u00e9guli\u00e8res et \nd\u00e9tectera le d\u00e9but de l\u2019\u00e9l\u00e9vation de temp\u00e9rature. Ce n\u2019est pas toujours \n\u00e9vident d\u2019\u00e9quiper les accus de sondes de temp\u00e9rature\u2026<\/li><li>Le Delta \nPeak (-dV\/dt) caract\u00e9ris\u00e9 par une baisse de tension de l\u2019\u00e9l\u00e9ment. Il \nsuffit alors de mesurer p\u00e9riodiquement la tension de la batterie \u00e0 la \nsortie du chargeur, et d\u00e8s qu\u2019elle baisse, on coupe la charge. Cette \nm\u00e9thode est la plus couramment utilis\u00e9e dans les chargeurs de qualit\u00e9.<br>\nOn peut aussi trouver des chargeurs qui cumulent plusieurs de ces modes de fonctionnement.<br>\nPour plus de d\u00e9tails sur le Delta Peak<\/li><\/ul>\n\n\n\n<p class=\"has-text-color\" style=\"color:#0071a1\"><strong>On distingue donc en gros Six types de chargeurs :<\/strong><\/p>\n\n\n\n<ul class=\"wp-block-list\"><li>1 : <strong>Les chargeurs de base, lents et peu cher<\/strong>.\n Ils se pr\u00e9sentent souvent sous la forme d\u2019une superprise sur laquelle \non vient enficher les \u00e9l\u00e9ments d\u2019accus. Ce sont des chargeurs simples \nqui souvent chargent l\u2019accu tant qu\u2019il reste branch\u00e9 \u00e0 1\/10\u00e8me du \ncourant nominal. Avec ce genre de chargeur il y a un risque de \nsurcharge, car la charge est conseill\u00e9e en 14h mais il n\u2019y a pas de \ncoupure automatique. L\u2019avantage ils ne sont pas chers mais les accus \nentretenus avec auront une esp\u00e9rance de vie limit\u00e9e. Bien que \u00e7a \nfonctionne ces chargeurs sont \u00e0 d\u00e9conseiller pour la technologie NiMH et\n ils sont g\u00e9n\u00e9rateurs d\u2019effet m\u00e9moire pour le Ni-Cd.<\/li><li>2 : <strong>Les chargeurs en temps rapides sans d\u00e9chargeurs <\/strong>:\n On trouve de plus en plus ces petits chargeurs, qui ressemblent aux \npr\u00e9c\u00e9dents. Mais ceux ci se coupent automatiquement au bout du temps \nth\u00e9orique de charge d\u2019un accu pr\u00e9alablement vid\u00e9. G\u00e9n\u00e9ralement ces \nchargeurs chargent en quelques heures (2 \u00e0 5). Donc inutile de vous dire\n que l\u00e0 aussi il y a un fort risque de surcharge. Si vos accus ne sont \npas vid\u00e9s quand vous les mettez en charge, ils seront en surcharge \u00e0 la \nfin du cycle du chargeur. Et comme le courant de charge est beaucoup \nplus \u00e9lev\u00e9 que dans le cas pr\u00e9c\u00e9dent, l\u2019effet de surcharge est plus \nd\u00e9vastateur. Pour le NiCd il y a cr\u00e9ation d\u2019effet m\u00e9moire et \nvieillissement pr\u00e9matur\u00e9. Pour le NiMH il y a destruction partielle des \n\u00e9l\u00e9ments.<br><strong><em> Ces chargeurs sont appel\u00e9s les \u2018TUEURS de Ni-MH\u2019\u2026<\/em><\/strong><\/li><li>3 : <strong>Les chargeurs en temps avec d\u00e9chargeurs <\/strong>:\n Ces chargeurs d\u00e9charge l\u2019accu avant de le charger. Il applique alors un\n temps de charge correspondant au taux du courant de charge. La d\u00e9charge\n pr\u00e9alable permet d\u2019\u00e9viter la surcharge en fin de cycle, comme pour les \nchargeurs pr\u00e9c\u00e9dents. On trouve souvent ce genre d\u2019appareil livr\u00e9 avec \nles camescopes. La charge est de bonne qualit\u00e9 mais elle impose une \nd\u00e9charge syst\u00e9matique, qui forc\u00e9ment use la batterie de fa\u00e7on inutile.<\/li><li>4 : <strong>Les chargeurs \u00e0 d\u00e9tection de fin de charge<\/strong>\n : L\u00e0 on entre dans les chargeurs \u00e9volu\u00e9s qui sauront recharger votre \naccu sans d\u00e9charge pr\u00e9alable inutile et qui garantiront une tr\u00e8s bonne \nqualit\u00e9 de charge sans surcharge. Certain appliquent en fin de charge un\n courant d\u2019entretien qui permet d\u2019affiner la charge de l\u2019accu et \ncompenser l\u2019autod\u00e9charge.<\/li><\/ul>\n\n\n\n<p><strong>Nota<\/strong> : Petit encart dans cette famille : \nparmi ces chargeurs on trouve aujourd\u2019hui beaucoup de petits chargeurs \n\u00ab&nbsp;dits&nbsp;\u00bbintelligents. Ils se pr\u00e9sentent en \u00ab&nbsp;superprises&nbsp;\u00bb pour 4 \n\u00e9l\u00e9ments individuels. Mais la gamme de prix de ces mat\u00e9riels est tr\u00e8s \nlarge (de 15 \u00e0 80 &amp;euro). Ce n\u2019est pas par hasard car dans ces \npetits chargeurs \u00ab&nbsp;intelligents&nbsp;\u00bb pour 4 \u00e9l\u00e9ments, il y a \n\u00ab&nbsp;intelligents&nbsp;\u00bb et \u00ab&nbsp;intelligents&nbsp;\u00bb. Sur les moins chers les 4 accus \nsont charg\u00e9s en parall\u00e8le. Il n\u2019ont qu\u2019un seul circuit \u00e9lectronique de \nsupervision de charge. Dans ce cas il ne faut les utiliser qu\u2019avec des \naccus qui servent toujours ensemble dans la m\u00eame utilisation. Sinon il y\n a disparit\u00e9 entre les niveaux de charge, et le circuit \u00e9lectronique ne \npourra pas g\u00e9rer la diff\u00e9rence entre les accus. Pour r\u00e9soudre ce d\u00e9faut \nil faut prendre un chargeur avec un circuit de supervision par \u00e9l\u00e9ment \u00e0\n charger. Et l\u00e0 forc\u00e9ment c\u2019est plus cher. Mais c\u2019est le top. Les accus \nsont charg\u00e9s compl\u00e8tement ind\u00e9pendamment les uns des autres. Il y a \nenfin un choix interm\u00e9diaire entre ces deux types de chargeurs : ceux \u00e0 \ndeux circuits qui permettent de charger les accus deux par deux.<\/p>\n\n\n\n<ul class=\"wp-block-list\"><li>5 : <strong>Les chargeurs haut de gamme<\/strong> : Qui \nregroupent toutes les fonctions pr\u00e9c\u00e9dentes, ils proposent des modes \nd\u2019entretiens des accus avec des cycles de charge et d\u00e9charge encha\u00een\u00e9s. \nIls sont g\u00e9n\u00e9ralement \u00e9quip\u00e9s d\u2019un affichage LCD pour afficher les menus\n et les mesures, et sont parfois capables d\u2019envoyer des fichiers vers un\n PC via une liaison RS232. Ce sont des Rolls dont les prix d\u00e9passent les\n 200 \u20ac.<\/li><li>6 : <strong>J\u2019ai gard\u00e9 pour la fin les chargeurs prototypes<\/strong>.\n Ceux que vous pouvez r\u00e9aliser vous m\u00eame si vous avez quelques notions \nd\u2019\u00e9l\u00e9ctronique. Et l\u00e0 absolument tout est possible. On trouve de tout \nsur le net, du plus rustique avec quelques composants de bases aux plus \ncomplexes g\u00e9r\u00e9s par microprocesseurs ou PC qui n\u2019ont rien \u00e0 envier aux \nchargeurs haut de gamme que je citais pr\u00e9c\u00e9demment.<\/li><\/ul>\n\n\n\n<p><\/p>\n\n\n\n<p class=\"has-text-align-right has-medium-font-size\"><strong><a href=\"\/wpnicd\/index.php\/le-b-a-ba-ni-precautions\/\">&gt;&gt;&gt; Le B.A.ba Ni-xx : Pr\u00e9cautions<\/a><\/strong><\/p>\n","protected":false},"excerpt":{"rendered":"<p>Comment bien recharger mon accumulateur ? Une seule solution : Pour bien charger vos accus il faut un bon chargeur. La dur\u00e9e de vie de vos batteries sera essentiellement proportionnelle \u00e0 la qualit\u00e9 de votre chargeur. Le probl\u00e8me c\u2019est qu\u2019un bon chargeur c\u2019est cher, voire tr\u00e8s cher. Donc tout d\u00e9pend de l\u2019utilisation que vous fa\u00eetes [&hellip;]<\/p>\n","protected":false},"author":2,"featured_media":0,"parent":0,"menu_order":0,"comment_status":"closed","ping_status":"closed","template":"","meta":{"footnotes":""},"class_list":["post-1083","page","type-page","status-publish","hentry"],"_links":{"self":[{"href":"https:\/\/ni-cd.net\/wpnicd\/index.php\/wp-json\/wp\/v2\/pages\/1083"}],"collection":[{"href":"https:\/\/ni-cd.net\/wpnicd\/index.php\/wp-json\/wp\/v2\/pages"}],"about":[{"href":"https:\/\/ni-cd.net\/wpnicd\/index.php\/wp-json\/wp\/v2\/types\/page"}],"author":[{"embeddable":true,"href":"https:\/\/ni-cd.net\/wpnicd\/index.php\/wp-json\/wp\/v2\/users\/2"}],"replies":[{"embeddable":true,"href":"https:\/\/ni-cd.net\/wpnicd\/index.php\/wp-json\/wp\/v2\/comments?post=1083"}],"version-history":[{"count":8,"href":"https:\/\/ni-cd.net\/wpnicd\/index.php\/wp-json\/wp\/v2\/pages\/1083\/revisions"}],"predecessor-version":[{"id":1508,"href":"https:\/\/ni-cd.net\/wpnicd\/index.php\/wp-json\/wp\/v2\/pages\/1083\/revisions\/1508"}],"wp:attachment":[{"href":"https:\/\/ni-cd.net\/wpnicd\/index.php\/wp-json\/wp\/v2\/media?parent=1083"}],"curies":[{"name":"wp","href":"https:\/\/api.w.org\/{rel}","templated":true}]}}