{"id":1076,"date":"2020-02-19T22:53:08","date_gmt":"2020-02-19T22:53:08","guid":{"rendered":"https:\/\/testth.erfred.fr\/?page_id=1076"},"modified":"2020-08-25T20:52:29","modified_gmt":"2020-08-25T20:52:29","slug":"le-b-a-ba-ni-caracteristiques","status":"publish","type":"page","link":"https:\/\/ni-cd.net\/wpnicd\/index.php\/le-b-a-ba-ni-caracteristiques\/","title":{"rendered":"Le B.A.ba Ni-: Caract\u00e9ristiques"},"content":{"rendered":"\n<p class=\"has-very-light-gray-color has-text-color has-background\" style=\"background-color:#0071a1\"><strong>La tension de l\u2019\u00e9l\u00e9ment :<\/strong><\/p>\n\n\n\n<p>La tension nominale d\u2019un \u00e9l\u00e9ment Ni-Cd ou Ni-MH est de 1,2V.<\/p>\n\n\n\n<div class=\"wp-block-image\"><figure class=\"alignleft size-large\"><img loading=\"lazy\" decoding=\"async\" width=\"246\" height=\"165\" src=\"https:\/\/ni-cd.net\/wpnicd\/wp-content\/uploads\/2019\/11\/decharge_ni.gif\" alt=\"\" class=\"wp-image-113\"\/><\/figure><\/div>\n\n\n\n<p>En fait cette tension \u00e9volue de 1,35 V (environ) lorsque l\u2019\u00e9l\u00e9ment \nest compl\u00e8tement charg\u00e9, \u00e0 1 Volt environ lorsque l\u2019\u00e9l\u00e9ment est \ncompl\u00e8tement d\u00e9charg\u00e9. 0,8V \u00e9tant l\u2019extr\u00eame limite (Courbe ci-contre)<br><\/p>\n\n\n\n<div class=\"wp-block-image\"><figure class=\"alignright size-large is-resized\"><img loading=\"lazy\" decoding=\"async\" src=\"https:\/\/ni-cd.net\/wpnicd\/wp-content\/uploads\/2019\/11\/zozodechrg.gif\" alt=\"\" class=\"wp-image-180\" width=\"235\" height=\"191\"\/><\/figure><\/div>\n\n\n\n<p class=\"has-text-align-center has-text-color\" style=\"color:#0071a1\"><br><br><\/p>\n\n\n\n<p class=\"has-text-align-center has-text-color\" style=\"color:#0071a1\"><strong><em>Attention la tension d\u2019un \u00e9l\u00e9ment <\/em><\/strong><br><strong><em>Ni-Cd ou Ni-MH<br> ne doit pas descendre <\/em><\/strong><br><strong><em>en dessous de la valeur de 1 Volt<br> en fin de d\u00e9charge : <\/em><\/strong><br><strong><em>Il y a risque de destruction de l\u2019accu.<\/em><\/strong><\/p>\n\n\n\n<p>Cette tension ne d\u00e9pend pas de la capacit\u00e9 de l\u2019\u00e9l\u00e9ment.<\/p>\n\n\n\n<p class=\"has-very-light-gray-color has-text-color has-background\" style=\"background-color:#0071a1\"><strong>La capacit\u00e9 de l\u2019\u00e9l\u00e9ment :<\/strong><\/p>\n\n\n\n<p>On atteint l\u00e0, la premi\u00e8re diff\u00e9rence notable entre les accus au Ni-Cd et les accus au Ni-MH.<\/p>\n\n\n\n<p>La capacit\u00e9 de ces deux technologies varie \u00e0 ce jour et pour ce que je connais dans une gamme de :<\/p>\n\n\n\n<ul class=\"wp-block-list\"><li>50 mAh \u00e0 24 000 mAh pour le Ni-Cd<\/li><li>2 mAh \u00e0 18 000 mAh pour le Ni-MH<\/li><\/ul>\n\n\n\n<p>Ceci pour les \u00e9l\u00e9ments \u00e9tanches. Il existe des \u00e9l\u00e9ments Ni-Cd ouverts\n de tr\u00e8s forte capacit\u00e9 (25Ah &gt; C &gt;1500Ah) dans le domaine de la \npropulsion \u00e9lectrique notamment. Mais ces accus sortent un peu du cadre \nde ce site.<\/p>\n\n\n\n<p>On voit que la gamme de capacit\u00e9s couvertes est sensiblement \n\u00e9quivalente, par contre la diff\u00e9rence majeure para\u00eet dans la densit\u00e9 \nd\u2019\u00e9nergie. En effet pour un m\u00eame volume, un accumulateur Ni-MH stockera \nplus d\u2019\u00e9nergie qu\u2019un accumulateur Ni-Cd.<\/p>\n\n\n\n<p>La table ci-dessous donne les capacit\u00e9s moyennes et maximales que \nl\u2019on trouve actuellement dans les bo\u00eetiers de tailles grand public. Je \nvous donne aussi pour comparaison la capacit\u00e9 d\u2019une pile alcaline ou \nsaline de m\u00eame volume.<\/p>\n\n\n\n<p><strong>Tableau comparatif des capacit\u00e9s en mAh<\/strong><br> Tailles*          Accus Ni-Cd                Accus Ni-MH       Piles** valeurs moyennes<br>                   Moyenne\/Maximale     Moyenne\/Maximale    Alcalines    Salines<br> LR03                 300  \/ 370                        850  \/   1000                 1250          540<br> LR06                650  \/  750                     2000  \/  2700                  2800         1100<br> LR14             2500  \/  3600                   3000  \/  4000                  8500         3800<br> LR20             4500  \/ 5500                     6500 \/  8500                18000         8000<br> 6F22(9V)        120  \/  150                      170  \/  250                       625           400<\/p>\n\n\n\n<p>* : Pour les \u00e9quivalences des r\u00e9f\u00e9rences des tailles voir le paragraphe constitution<br> ** : Il s\u2019agit bien ici de piles non rechargeables<\/p>\n\n\n\n<p>Vous voyez dans ce tableau que pour un m\u00eame bo\u00eetier les piles \nalcalines non rechargeables sont encore celles qui ont la plus grande \nautonomie , mais elles ne sont pas rechargeables\u2026 Attention toute fois \ncette capacit\u00e9 n\u2019est valable qu\u2019\u00e0 faible d\u00e9bit. D\u00e8s qu\u2019on augmente le \ncourant de d\u00e9charge la capacit\u00e9 d\u2019une pile diminue fortement du fait de \nsa forte r\u00e9sistance interne.<\/p>\n\n\n\n<p class=\"has-very-light-gray-color has-text-color has-background\" style=\"background-color:#0071a1\"><strong>La r\u00e9sistance interne.<\/strong><\/p>\n\n\n\n<p>Plus la capacit\u00e9 est \u00e9lev\u00e9e plus la r\u00e9sistance interne est faible. En\n g\u00e9n\u00e9ral, les accus Ni-MH ont en moyenne une r\u00e9sistance interne un peu \nsup\u00e9rieure au Ni-Cd. Ceci destine donc cette technologie aux \napplications n\u00e9cessitant des appels de courant moins importants. Il \nexiste malgr\u00e9 tout aujourd\u2019hui des \u00e9l\u00e9ments Ni-MH haut de gamme qui, \nbien pr\u00e9par\u00e9s, atteignent quasiment les performances de nos vieux Ni-Cd \navec la capacit\u00e9 en plus.<\/p>\n\n\n\n<p>La r\u00e9sistance interne d\u00e9pend donc beaucoup du mod\u00e8le de l\u2019accu, en \ngros, de sa qualit\u00e9 de fabrication. A cause de cela il est pratiquement \nimpossible de donner des valeurs moyennes g\u00e9n\u00e9riques. Il faudra regarder\n la valeur au cas par cas. Derni\u00e8re remarque cette valeur n\u2019est pas \ntoujours fournie par le fabricant, surtout dans les mod\u00e8les grand \npublic, donc m\u00e9fiance si c\u2019est un crit\u00e8re important pour votre \napplication.<\/p>\n\n\n\n<p>Je vous renvoie \u00e0 la base de donn\u00e9es du site pour les d\u00e9tails des valeurs des diff\u00e9rents \u00e9l\u00e9ments. <\/p>\n\n\n\n<p class=\"has-text-align-right has-medium-font-size\"><br><strong><a href=\"\/wpnicd\/index.php\/le-b-a-ba-ni-la-charge\/\">&gt;&gt;&gt; Le B.A.ba Ni-xx : La charge<\/a><\/strong><\/p>\n","protected":false},"excerpt":{"rendered":"<p>La tension de l\u2019\u00e9l\u00e9ment : La tension nominale d\u2019un \u00e9l\u00e9ment Ni-Cd ou Ni-MH est de 1,2V. En fait cette tension \u00e9volue de 1,35 V (environ) lorsque l\u2019\u00e9l\u00e9ment est compl\u00e8tement charg\u00e9, \u00e0 1 Volt environ lorsque l\u2019\u00e9l\u00e9ment est compl\u00e8tement d\u00e9charg\u00e9. 0,8V \u00e9tant l\u2019extr\u00eame limite (Courbe ci-contre) Attention la tension d\u2019un \u00e9l\u00e9ment Ni-Cd ou Ni-MH ne doit [&hellip;]<\/p>\n","protected":false},"author":2,"featured_media":0,"parent":0,"menu_order":0,"comment_status":"closed","ping_status":"closed","template":"","meta":{"footnotes":""},"class_list":["post-1076","page","type-page","status-publish","hentry"],"_links":{"self":[{"href":"https:\/\/ni-cd.net\/wpnicd\/index.php\/wp-json\/wp\/v2\/pages\/1076"}],"collection":[{"href":"https:\/\/ni-cd.net\/wpnicd\/index.php\/wp-json\/wp\/v2\/pages"}],"about":[{"href":"https:\/\/ni-cd.net\/wpnicd\/index.php\/wp-json\/wp\/v2\/types\/page"}],"author":[{"embeddable":true,"href":"https:\/\/ni-cd.net\/wpnicd\/index.php\/wp-json\/wp\/v2\/users\/2"}],"replies":[{"embeddable":true,"href":"https:\/\/ni-cd.net\/wpnicd\/index.php\/wp-json\/wp\/v2\/comments?post=1076"}],"version-history":[{"count":9,"href":"https:\/\/ni-cd.net\/wpnicd\/index.php\/wp-json\/wp\/v2\/pages\/1076\/revisions"}],"predecessor-version":[{"id":1507,"href":"https:\/\/ni-cd.net\/wpnicd\/index.php\/wp-json\/wp\/v2\/pages\/1076\/revisions\/1507"}],"wp:attachment":[{"href":"https:\/\/ni-cd.net\/wpnicd\/index.php\/wp-json\/wp\/v2\/media?parent=1076"}],"curies":[{"name":"wp","href":"https:\/\/api.w.org\/{rel}","templated":true}]}}