{"id":1061,"date":"2020-02-19T22:30:08","date_gmt":"2020-02-19T22:30:08","guid":{"rendered":"https:\/\/testth.erfred.fr\/?page_id=1061"},"modified":"2020-04-13T20:10:50","modified_gmt":"2020-04-13T20:10:50","slug":"la-b-a-ba-ni-cd-et-ni-mh","status":"publish","type":"page","link":"https:\/\/ni-cd.net\/wpnicd\/index.php\/la-b-a-ba-ni-cd-et-ni-mh\/","title":{"rendered":"Le B.A.ba : Ni-Cd et Ni-MH"},"content":{"rendered":"\n<p style=\"color:#0071a1\" class=\"has-text-color has-text-align-center\"><strong>Ah !!! Je vois que vous vous accrochez \u2026.<br> Donc d\u00e9couvrons les accus <br>au Nickel-Cadmium et Nickel Hydrure M\u00e9tallique.<\/strong><\/p>\n\n\n\n<p><em>Je vais peut \u00eatre parfois para\u00eetre simpliste mais il faut que tout le monde puisse comprendre !<\/em><\/p>\n\n\n\n<p>Dans la famille des accumulateurs au Nickel on retrouve deux types \nd\u2019accus. Ceux-ci correspondent \u00e0 deux couples \u00e9lectrolytiques diff\u00e9rents\n :<\/p>\n\n\n\n<p style=\"background-color:#0071a1\" class=\"has-text-color has-background has-very-light-gray-color\"><strong>Le Nickel-Cadmium (symbole Ni-Cd)<br>Nickel-M\u00e9tal Hydride (symbole Ni-MH), en fran\u00e7ais &nbsp;\u00ab\u00a0Nickel-Hydrure M\u00e9tallique\u00a0\u00bb <\/strong><\/p>\n\n\n\n<p>Le Ni-Cd est de loin la plus ancienne des deux, elle date de 1899 \n(par Jungner Su\u00e8de), alors que le Ni-MH date seulement de 1990 pour sa \npremi\u00e8re commercialisation.<\/p>\n\n\n\n<p>Ces accumulateurs sont aujourd\u2019hui les plus r\u00e9pandus dans les \nappareils portatifs allant du GSM \u00e0 l\u2019APN en passant par la perceuse \nsans fil et le cam\u00e9scope.<\/p>\n\n\n\n<p>Je vous propose donc ci dessous de voir les caract\u00e9ristiques et les \nparticularit\u00e9s de cette technologie, avec une petite rubrique en plus, \npar rapport aux autres technologies, qui parle du tr\u00e8s fameux \u00ab&nbsp;effet \nm\u00e9moire&nbsp;\u00bb particulier aux accus au Nickel.<\/p>\n\n\n\n<ul class=\"wp-block-list\"><li>Les caract\u00e9ristiques de ces \u00e9l\u00e9ments<\/li><li>La constitution de ces \u00e9l\u00e9ments<\/li><li>Comment se passe la charge<\/li><li>Les pr\u00e9cautions d\u2019utilisation<\/li><li>Le fameux effet m\u00e9moire<\/li><\/ul>\n\n\n\n<p class=\"has-text-align-right has-medium-font-size\"><br><a href=\"\/wpnicd\/index.php\/le-b-a-ba-ni-constitution\/\"><strong>>>> Le B.A.ba Ni-xx : La Constitution<\/strong><\/a><\/p>\n","protected":false},"excerpt":{"rendered":"<p>Ah !!! Je vois que vous vous accrochez \u2026. Donc d\u00e9couvrons les accus au Nickel-Cadmium et Nickel Hydrure M\u00e9tallique. Je vais peut \u00eatre parfois para\u00eetre simpliste mais il faut que tout le monde puisse comprendre ! Dans la famille des accumulateurs au Nickel on retrouve deux types d\u2019accus. Ceux-ci correspondent \u00e0 deux couples \u00e9lectrolytiques diff\u00e9rents [&hellip;]<\/p>\n","protected":false},"author":2,"featured_media":0,"parent":0,"menu_order":0,"comment_status":"closed","ping_status":"closed","template":"","meta":{"footnotes":""},"class_list":["post-1061","page","type-page","status-publish","hentry"],"_links":{"self":[{"href":"https:\/\/ni-cd.net\/wpnicd\/index.php\/wp-json\/wp\/v2\/pages\/1061"}],"collection":[{"href":"https:\/\/ni-cd.net\/wpnicd\/index.php\/wp-json\/wp\/v2\/pages"}],"about":[{"href":"https:\/\/ni-cd.net\/wpnicd\/index.php\/wp-json\/wp\/v2\/types\/page"}],"author":[{"embeddable":true,"href":"https:\/\/ni-cd.net\/wpnicd\/index.php\/wp-json\/wp\/v2\/users\/2"}],"replies":[{"embeddable":true,"href":"https:\/\/ni-cd.net\/wpnicd\/index.php\/wp-json\/wp\/v2\/comments?post=1061"}],"version-history":[{"count":4,"href":"https:\/\/ni-cd.net\/wpnicd\/index.php\/wp-json\/wp\/v2\/pages\/1061\/revisions"}],"predecessor-version":[{"id":1253,"href":"https:\/\/ni-cd.net\/wpnicd\/index.php\/wp-json\/wp\/v2\/pages\/1061\/revisions\/1253"}],"wp:attachment":[{"href":"https:\/\/ni-cd.net\/wpnicd\/index.php\/wp-json\/wp\/v2\/media?parent=1061"}],"curies":[{"name":"wp","href":"https:\/\/api.w.org\/{rel}","templated":true}]}}