{"id":1049,"date":"2020-02-19T22:03:18","date_gmt":"2020-02-19T22:03:18","guid":{"rendered":"https:\/\/testth.erfred.fr\/?page_id=1049"},"modified":"2020-04-13T20:08:35","modified_gmt":"2020-04-13T20:08:35","slug":"le-b-a-ba-les-revisions","status":"publish","type":"page","link":"https:\/\/ni-cd.net\/wpnicd\/index.php\/le-b-a-ba-les-revisions\/","title":{"rendered":"Le B.A.ba : Les r\u00e9visions"},"content":{"rendered":"\n<p style=\"color:#0071a1\" class=\"has-text-color has-text-align-center\"><strong>Avant d\u2019attaquer le c\u0153ur du sujet, <\/strong><br><strong>je dois vous pr\u00e9venir qu\u2019on va parler d\u2019\u00e9lectricit\u00e9,<br> et donc il va falloir faire appel \u00e0 vos souvenirs d\u2019\u00e9cole <\/strong><br><strong>(si vous en avez encore)\u2026<\/strong><\/p>\n\n\n\n<p>Au cas o\u00f9, voici quelques petites notions, et m\u00eame une tentative \nd\u2019explication des param\u00e8tres de base pour ceux qui n\u2019y connaissent rien.\n Je demande \u00e0 ceux qui ma\u00eetrisent les bases de passer ce chapitre car je\n vais utiliser des raccourcis et \u00e9noncer des choses pas toujours \ncorrectes du point de vue scientifique. Mais le but est de d\u00e9gager une \nid\u00e9e qui soit parlante pour tout le monde.<br>\nPour tenter de comprendre les diverses grandeurs physiques de \nl\u2019\u00e9lectricit\u00e9 je vais les mettre en parall\u00e8le avec l\u2019hydraulique de \nbase. De l\u2019eau qui coule dans un tuyau c\u2019est, pour beaucoup de \npersonnes, souvent plus parlant que des \u00e9lectrons qui circulent dans un \nfil de cuivre.<\/p>\n\n\n\n<p>Un circuit \u00e9lectrique ne peut fonctionner que si il est ferm\u00e9 sur lui\n m\u00eame. Il y a un fil qui am\u00e8ne le courant et un autre qui lui permet de \nrepartir.<\/p>\n\n\n\n<p style=\"color:#0071a1\" class=\"has-text-color\"><em>C\u2019est un peu comme \nun syst\u00e8me de chauffage central, o\u00f9 l\u2019eau circule en circuit ferm\u00e9. Il y\n a un tuyau qui apporte l\u2019eau chaude et un autre qui rapatrie l\u2019eau \nrefroidie. La chaudi\u00e8re est le g\u00e9n\u00e9rateur, le radiateur est le \nr\u00e9cepteur. En \u00e9lectricit\u00e9 on parle de p\u00f4le plus (positif) et de p\u00f4le \nmoins (n\u00e9gatif) ou de borne + et de borne -. On peut comparer \u00e7a dans \nnotre circuit de chauffage \u00e0 la connexion au tuyau eau chaude (+) et \u00e0 \nla connexion au tuyau eau refroidie (-).<\/em><\/p>\n\n\n\n<p><strong>Il y a trois grandeurs principales qui caract\u00e9risent le fonctionnement d\u2019un circuit \u00e9lectrique :<\/strong><\/p>\n\n\n\n<p style=\"background-color:#0071a1\" class=\"has-text-color has-background has-very-light-gray-color\"><strong> Le courant :<\/strong><\/p>\n\n\n\n<p>Le courant \u00e9lectrique c\u2019est le nombre d\u2019\u00e9lectrons qui circulent dans le c\u00e2ble.<\/p>\n\n\n\n<p style=\"color:#0071a1\" class=\"has-text-color\"> On peut l\u2019assimiler \u00e0 la quantit\u00e9 d\u2019eau qui circule dans un tuyau.<\/p>\n\n\n\n<p>Dans les textes et les formules le courant est tr\u00e8s souvent symbolis\u00e9 par la lettre<strong> I<\/strong>.<\/p>\n\n\n\n<p><strong>L\u2019unit\u00e9 de mesure du courant est l\u2019Amp\u00e8re<\/strong> symbolis\u00e9 par un <strong>A<\/strong> majuscule.<\/p>\n\n\n\n<p>Un sous-multiple que j\u2019utiliserai souvent le milliamp\u00e8re (mA). 1000mA = 1A.<\/p>\n\n\n\n<p>Le courant se mesure en mettant l\u2019appareil en s\u00e9rie dans le circuit. \nOn mesure ce qui passe dans les fils. Sur les sch\u00e9mas il se repr\u00e9sente \npar une petite fl\u00e8che sur le fil.<\/p>\n\n\n\n<p style=\"background-color:#0071a1\" class=\"has-text-color has-background has-very-light-gray-color\"><strong>La tension :<\/strong><\/p>\n\n\n\n<p>En fait le vrai nom est &nbsp;\u00bb diff\u00e9rence de potentiel \u00ab&nbsp;, mais on \nutilise g\u00e9n\u00e9ralement le terme de tension \u00e9lectrique. C\u2019est la &nbsp;\u00bb force \n&nbsp;\u00bb potentielle du courant \u00e9lectrique.<\/p>\n\n\n\n<p style=\"color:#0071a1\" class=\"has-text-color\">On peut la comparer \u00e0 la pression de l\u2019eau au robinet. Plus il y a de pression, plus l\u2019eau a de la force.<\/p>\n\n\n\n<p> Plus la tension du courant \u00e9lectrique est \u00e9lev\u00e9e, plus ce courant sera puissant.<\/p>\n\n\n\n<p>Dans les textes et les formules la tension est tr\u00e8s souvent symbolis\u00e9e par les lettres <strong>U<\/strong>, <strong>E<\/strong> ou <strong>V<\/strong>.<\/p>\n\n\n\n<p><strong>L\u2019unit\u00e9 de mesure de la tension est le Volt<\/strong>, symbolis\u00e9e par un <strong>V<\/strong> majuscule.<\/p>\n\n\n\n<p>L\u00e0 aussi sous-multiple utilis\u00e9 le millivolt (mV). 1000mV = 1V.<\/p>\n\n\n\n<p>La tension se mesure entre deux points du circuits, entre deux p\u00f4les,\n ou entre deux bornes. En fait elle se mesure entre deux potentiels , \nc\u2019est pour cela que son nom est la diff\u00e9rence de potentiel. Dans les \nsch\u00e9mas elle est repr\u00e9sent\u00e9e par une fl\u00e8che allant d\u2019un point de mesure \u00e0\n l\u2019autre, dont la pointe est tourn\u00e9e vers le p\u00f4le le plus positif.<\/p>\n\n\n\n<p style=\"background-color:#0071a1\" class=\"has-text-color has-background has-very-light-gray-color\"><strong>La r\u00e9sistance :<\/strong><\/p>\n\n\n\n<p>C\u2019est en fait la \ngrandeur qui lie les deux autres. Si les deux premi\u00e8res grandeurs sont \nli\u00e9es au g\u00e9n\u00e9rateur, celui qui fourni le courant, la r\u00e9sistance elle est\n plut\u00f4t li\u00e9e au r\u00e9cepteur, celui qui utilise le courant. La r\u00e9sistance \nc\u2019est la propri\u00e9t\u00e9 qu\u2019a un mat\u00e9riel de s\u2019opposer au passage du courant.<\/p>\n\n\n\n<p style=\"color:#0071a1\" class=\"has-text-color\"> On peut la comparer au diam\u00e8tre d\u2019un tuyau. Plus le tuyau est petit, plus il s\u2019oppose au passage de l\u2019eau.<\/p>\n\n\n\n<p>Dans les textes et les formules la r\u00e9sistance est tr\u00e8s souvent symbolis\u00e9e par la lettre <strong>R<\/strong>.<\/p>\n\n\n\n<p><strong>L\u2019unit\u00e9 de mesure de r\u00e9sistance est l\u2019Ohm<\/strong> symbolis\u00e9e par la lettre grecque <strong>\u03a9<\/strong>.<\/p>\n\n\n\n<p>On utilise beaucoup le multiple kilo ohms k\u03a9. 1k\u03a9 = 1000\u03a9.<br>\net le sous multiple le milliohm m\u03a9. 1 m\u03a9 = 0,001\u03a9<\/p>\n\n\n\n<p>Voici maintenant les formules ou lois math\u00e9matiques qui relient ces grandeurs<\/p>\n\n\n\n<p style=\"background-color:#0071a1\" class=\"has-text-color has-background has-very-light-gray-color\"> <strong>La loi d\u2019Ohm :<\/strong><\/p>\n\n\n\n<p>La relation qui unie ces trois grandeurs c\u2019est la loi d\u2019Ohm :<\/p>\n\n\n\n<p class=\"has-text-align-center has-large-font-size\"><strong>U = R x I.<\/strong><\/p>\n\n\n\n<p>La tension est \u00e9gale au produit de la r\u00e9sistance par le courant.<\/p>\n\n\n\n<p style=\"color:#0071a1\" class=\"has-text-color\">Pour saisir cette \nrelation imaginez votre robinet ouvert \u00e0 fond (r\u00e9sistance faible). Il y a\n la pression du ch\u00e2teau d\u2019eau, alors \u00e7a coule tr\u00e8s fort (le courant est \nimportant). Si vous fermez le robinet de moiti\u00e9 (la r\u00e9sistance est plus \nimportante), l\u2019eau coule plus faiblement (le courant diminue). \nMaintenant imaginez un probl\u00e8me au ch\u00e2teau d\u2019eau, il est presque vide. \nAlors la pression au robinet diminue fortement (la tension a diminu\u00e9). \nM\u00eame si vous ouvrez en grand (r\u00e9sistance faible) le d\u00e9bit d\u2019eau sera \nfaible (le courant sera faible).<\/p>\n\n\n\n<p style=\"background-color:#0071a1\" class=\"has-text-color has-background has-very-light-gray-color\"><strong>La loi de Pouillet :<\/strong><\/p>\n\n\n\n<p>Cette loi est li\u00e9e aux g\u00e9n\u00e9rateurs. Malheureusement dans la vrai vie \nun g\u00e9n\u00e9rateur n\u2019est pas id\u00e9al. Il ne peux pas fournir sous une tension \ndonn\u00e9e un courant infini. Les g\u00e9n\u00e9rateurs ont une r\u00e9sistance interne qui\n induit une chute de la tension de sortie proportionnellement au courant\n d\u00e9bit\u00e9. La r\u00e9sistance interne est une des caract\u00e9ristiques du \ng\u00e9n\u00e9rateur, elle est souvent symbolis\u00e9e par un petit r. L\u2019autre \ncaract\u00e9ristique principale d\u2019un g\u00e9n\u00e9rateur est sa tension \u00e0 vide \nsymbolis\u00e9e par la lettre E. La tension \u00e0 vide est la tension qu\u2019on peut \nmesurer aux bornes du g\u00e9n\u00e9rateur quand celui-ci ne d\u00e9bite pas de \ncourant.<br><br>La relation de la loi est :<\/p>\n\n\n\n<p class=\"has-text-align-center has-large-font-size\"><strong> U = E \u2013 r x I<\/strong><\/p>\n\n\n\n<p>U \u00e9tant la tension disponible aux bornes du g\u00e9n\u00e9rateur en fonction du courant d\u00e9bit\u00e9 I.<\/p>\n\n\n\n<p style=\"color:#0071a1\" class=\"has-text-color\">Pour faire l\u2019analogie \navec l\u2019hydraulique, imaginez notre robinet ouvert \u00e0 fond. Avez vous \nremarqu\u00e9 que si vous ouvrez un deuxi\u00e8me robinet dans la maison, la \npression diminue aux deux robinets. C\u2019est parce que le diam\u00e8tre du tuyau\n qui alimente la maison n\u2019est pas plus gros que celui de chaque robinet.\n L\u2019alimentation en eau de la maison n\u2019est pas capable de faire d\u00e9biter \u00e0\n fond les deux robinets elle offre un r\u00e9sistance au d\u00e9bit. C\u2019est \u00e7a la \nr\u00e9sistance interne. Pour que ce ph\u00e9nom\u00e8ne ne se produise pas il faudrait\n que le diam\u00e8tre de l\u2019alimentation soit au moins \u00e9gal \u00e0 la somme des \ndiam\u00e8tres des deux robinets, donc que la r\u00e9sistance interne soit plus \nfaible.<\/p>\n\n\n\n<p>Pour conclure plus le g\u00e9n\u00e9rateur devra d\u00e9biter du courant plus la \ntension disponible diminuera. C\u2019est souvent un probl\u00e8me. Une des \nqualit\u00e9s d\u2019un bon g\u00e9n\u00e9rateur c\u2019est d\u2019avoir une faible r\u00e9sistance interne\n pour \u00e9viter que cette chute de tension soit trop grande. Nous verrons \nque c\u2019est une caract\u00e9ristique importante des accumulateurs et batteries.<\/p>\n\n\n\n<p>Pour terminer avec ce sujet je vais aborder les termes de <strong>&nbsp;\u00ab\u00a0tension \u00e0 vide \u00a0\u00bb&nbsp;<\/strong> et <strong>&nbsp;\u00ab\u00a0tension en Charge\u00a0\u00bb&nbsp;<\/strong> qui seront couramment utilis\u00e9s dans ce document.<br> <strong>La tension \u00e0 vide c\u2019est E<\/strong> ( tension mesur\u00e9e aux bornes de l\u2019accu quand il ne d\u00e9bite aucun courant ).<br><strong> La tension en charge c\u2019est U <\/strong>( tension mesur\u00e9e aux bornes de l\u2019accu quand il d\u00e9bite du courant ).<\/p>\n\n\n\n<p><strong>Voil\u00e0, ces quelques notions devraient vous permettre une premi\u00e8re approche de ces chers accumulateurs d\u2019\u00e9lectricit\u00e9.<\/strong><\/p>\n\n\n\n<p>Vous pouvez aussi aller r\u00e9viser vos bases d\u2019\u00e9lectricit\u00e9 sur le tr\u00e8s bon site VOLTA-Electricit\u00e9 .<\/p>\n\n\n\n<p class=\"has-text-align-right has-medium-font-size\"><br><strong><a href=\"\/wpnicd\/index.php\/le-b-a-ba-les-grandeurs\/\">>>> Le BAba : Les grandeurs<\/a><\/strong><\/p>\n","protected":false},"excerpt":{"rendered":"<p>Avant d\u2019attaquer le c\u0153ur du sujet, je dois vous pr\u00e9venir qu\u2019on va parler d\u2019\u00e9lectricit\u00e9, et donc il va falloir faire appel \u00e0 vos souvenirs d\u2019\u00e9cole (si vous en avez encore)\u2026 Au cas o\u00f9, voici quelques petites notions, et m\u00eame une tentative d\u2019explication des param\u00e8tres de base pour ceux qui n\u2019y connaissent rien. Je demande \u00e0 [&hellip;]<\/p>\n","protected":false},"author":2,"featured_media":0,"parent":0,"menu_order":0,"comment_status":"closed","ping_status":"closed","template":"","meta":{"footnotes":""},"class_list":["post-1049","page","type-page","status-publish","hentry"],"_links":{"self":[{"href":"https:\/\/ni-cd.net\/wpnicd\/index.php\/wp-json\/wp\/v2\/pages\/1049"}],"collection":[{"href":"https:\/\/ni-cd.net\/wpnicd\/index.php\/wp-json\/wp\/v2\/pages"}],"about":[{"href":"https:\/\/ni-cd.net\/wpnicd\/index.php\/wp-json\/wp\/v2\/types\/page"}],"author":[{"embeddable":true,"href":"https:\/\/ni-cd.net\/wpnicd\/index.php\/wp-json\/wp\/v2\/users\/2"}],"replies":[{"embeddable":true,"href":"https:\/\/ni-cd.net\/wpnicd\/index.php\/wp-json\/wp\/v2\/comments?post=1049"}],"version-history":[{"count":3,"href":"https:\/\/ni-cd.net\/wpnicd\/index.php\/wp-json\/wp\/v2\/pages\/1049\/revisions"}],"predecessor-version":[{"id":1250,"href":"https:\/\/ni-cd.net\/wpnicd\/index.php\/wp-json\/wp\/v2\/pages\/1049\/revisions\/1250"}],"wp:attachment":[{"href":"https:\/\/ni-cd.net\/wpnicd\/index.php\/wp-json\/wp\/v2\/media?parent=1049"}],"curies":[{"name":"wp","href":"https:\/\/api.w.org\/{rel}","templated":true}]}}