{"id":1040,"date":"2020-02-19T21:41:27","date_gmt":"2020-02-19T21:41:27","guid":{"rendered":"https:\/\/testth.erfred.fr\/?page_id=1040"},"modified":"2020-05-14T15:16:42","modified_gmt":"2020-05-14T15:16:42","slug":"le-b-a-ba-cest-parti","status":"publish","type":"page","link":"https:\/\/ni-cd.net\/wpnicd\/index.php\/le-b-a-ba-cest-parti\/","title":{"rendered":"Le B.A.ba, c\u2019est parti \u2026"},"content":{"rendered":"\n<p>On utilise tous des appareils portatifs. Couramment ils sont \naliment\u00e9s par des piles. Le probl\u00e8me des piles c\u2019est qu\u2019une fois \nqu\u2019elles sont vides il faut les remplacer.<\/p>\n\n\n\n<p style=\"color:#0071a1\" class=\"has-text-color\">Juste une petite remarque \u00e0 ce sujet il ne faut pas jeter les piles \nou les accumulateurs, car ils polluent \u00e9norm\u00e9ment. Il faut les rapporter\n chez le vendeur qui se doit de les collecter pour les envoyer en \nrecyclage. C\u2019est obligatoire. Voir la page recyclage de ce site .<\/p>\n\n\n\n<p>La diff\u00e9rence entre les accumulateurs, aussi appel\u00e9s batteries, et \nles piles, c\u2019est qu\u2019on peut recharger les accumulateurs une fois qu\u2019ils \nsont \u00ab&nbsp;vides&nbsp;\u00bb. Alors que les piles ne se rechargent pas. Les \naccumulateurs servent donc plusieurs fois : de nombreuses fois. Ils sont\n plus cher \u00e0 l\u2019achat, mais \u00e0 la longue ils sont beaucoup plus \n\u00e9conomiques que les piles pour les applications qui consomment beaucoup \nd\u2019\u00e9nergie.<br><\/p>\n\n\n\n<div class=\"wp-block-image\"><figure class=\"alignleft size-large is-resized\"><img loading=\"lazy\" decoding=\"async\" src=\"https:\/\/ni-cd.net\/wpnicd\/wp-content\/uploads\/2019\/11\/zozoliens.gif\" alt=\"\" class=\"wp-image-182\" width=\"190\" height=\"161\"\/><\/figure><\/div>\n\n\n\n<p><strong> La terminologie : Piles, accumulateurs et batteries.<\/strong><\/p>\n\n\n\n<p>Une pile est un \u00e9l\u00e9ment non rechargeable.<br> Contrairement \u00e0 la \nlangue anglaise qui n\u2019a qu\u2019un seul mot &nbsp;\u00bb battery &nbsp;\u00bb pour englober les \n\u00e9l\u00e9ments rechargeables et non rechargeables, la langue fran\u00e7aise fait la\n distinction.<\/p>\n\n\n\n<p> Pour des \u00e9l\u00e9ments rechargeables on utilise les termes  d\u2019accumulateurs (m\u00eame si ils ressemblent \u00e0 des piles) et de batteries.  &nbsp;\u00ab\u00a0Accumulateur\u00a0\u00bb d\u00e9signe plut\u00f4t un \u00e9l\u00e9ment seul.<br>\u00ab\u00a0Batterie\u00a0\u00bb d\u00e9signera un groupe d\u2019\u00e9l\u00e9ments assembl\u00e9s constituant une \u00ab\u00a0batterie d\u2019accumulateurs\u00a0\u00bb .<br>Dans votre voiture vous avez une batterie 12V qui est en fait constitu\u00e9e de 6 accumulateurs au plomb de 2V chacun.<br>Dans le texte pour d\u00e9signer les accumulateurs, j\u2019utiliserai  indiff\u00e9remment les termes d\u2019accumulateur ou d\u2019\u00e9l\u00e9ment, sous entendu &nbsp;\u00ab\u00a0\u00e9l\u00e9ment accumulateur \u00a0\u00bb . \u00c7a \u00e9vitera les r\u00e9p\u00e9titions \u2026<br> Quand je parlerai de batterie ce sera pour un ensemble d\u2019accumulateurs.<\/p>\n\n\n\n<p>Les termes \u00ab&nbsp;batterie&nbsp;\u00bb et \u00ab&nbsp;accumulateur&nbsp;\u00bb (je dirai souvent \n\u00ab&nbsp;accus&nbsp;\u00bb) d\u00e9signent donc des (petits) r\u00e9servoirs qui peuvent \nemmagasiner de l\u2019\u00e9nergie pour la restituer ult\u00e9rieurement. L\u2019\u00e9nergie est\n stock\u00e9e sous forme chimique. C\u2019est la modification chimique d\u2019un \nm\u00e9lange appel\u00e9 \u00e9lectrolyte qui permet d\u2019accumuler ou de restituer cette \n\u00e9nergie.<\/p>\n\n\n\n<p>Il existe diff\u00e9rents types de m\u00e9langes chimiques qui poss\u00e8dent cette capacit\u00e9 d\u2019accumuler et de restituer de l\u2019\u00e9nergie.<\/p>\n\n\n\n<p>Les plus utilis\u00e9s actuellement sont :<\/p>\n\n\n\n<ul class=\"wp-block-list\"><li><strong>Le Plomb <\/strong>(m\u00e9lange plomb-acide ). Les batteries \nau plomb sont par exemple celles qui \u00e9quipent nos ch\u00e8res voitures et qui\n donnent l\u2019\u00e9nergie n\u00e9cessaire au d\u00e9marrage.<\/li><li><strong>Le Nickel<\/strong>\n (m\u00e9lange Nickel-Cadmium \u2018Ni-Cd\u2019 ou Nickel Hydrure-M\u00e9tallique \u2018Ni-MH\u2019). \nLes accus au nickel sont aujourd\u2019hui les plus r\u00e9pandus dans tous les \nappareils transportables.<\/li><li><strong>Le Lithium <\/strong>sous forme\n ionique (m\u00e9lange Lithium-Ion \u2018Li-ion\u2019 ou Lithium-polym\u00e8re \u2018Li-po\u2019). \nC\u2019est la derni\u00e8re g\u00e9n\u00e9ration plus l\u00e9g\u00e8re et plus ch\u00e8re. On retrouve les \naccus au lithium dans les t\u00e9l\u00e9phones portables haut de gamme et dans les\n PC portables.<\/li><li>Une autre technologie plus marginale : <strong>les alcalines rechargeables<\/strong>.<\/li><\/ul>\n\n\n\n<p><strong>Les batteries au plomb<\/strong> sont robustes et puissantes. \nElle sont souvent utilis\u00e9es dans les applications o\u00f9 le poids et le \nvolume ne sont pas trop p\u00e9nalisants ou quand il y a besoin d\u2019une grande \nquantit\u00e9 d\u2019\u00e9nergie.<\/p>\n\n\n\n<p><strong>Les accus aux lithium<\/strong> sont tr\u00e8s vari\u00e9s, tr\u00e8s \ncomplexes et n\u00e9cessitent syst\u00e9matiquement un chargeur sp\u00e9cialis\u00e9 \ng\u00e9n\u00e9ralement fourni avec l\u2019accu. Il ne faut pas jouer avec les accus au \nLithium car il y a des risques d\u2019explosion en cas d\u2019erreur de charge. On\n peut se les faire &nbsp;\u00bb p\u00e9ter \u00e0 la figure \u00ab&nbsp;.<\/p>\n\n\n\n<p><strong>Les accus \u00e0 base de Nickel<\/strong> sont eux plus souples \nd\u2019utilisation et permettent \u00e0 chacun de s\u2019en approprier la mise en \noeuvre en fonction de son niveau de comp\u00e9tence. Ils sont tr\u00e8s utilis\u00e9s \npour les outillages portatifs sans fil, les camescopes, les lecteurs \naudio divers, les GSM, les PC portables, dans le monde des \nradiomod\u00e9listes et bien s\u00fbr dans les Appareils Photo Num\u00e9riques.<\/p>\n\n\n\n<p style=\"background-color:#0071a1\" class=\"has-text-color has-background has-very-light-gray-color\"><strong>Voil\u00e0 pour la premi\u00e8re approche. \u00c7a va ! Pas trop largu\u00e9s ? ? ? ?<\/strong><\/p>\n\n\n\n<p><strong>Nous allons maintenant passer ci-dessous aux diff\u00e9rentes choses qui caract\u00e9risent les accumulateurs.<\/strong><\/p>\n\n\n\n<p>En premier lieu, si vos connaissances en \u00e9lectricit\u00e9 sont limit\u00e9es ou lointaines je vous conseille :<\/p>\n\n\n\n<ul class=\"wp-block-list\"><li><strong><a href=\"\/index.php\/le-b-a-ba-les-revisions\/\">un petit tour par la premi\u00e8re rubrique r\u00e9visions<\/a><\/strong> : Cela vous permettra une petite remise \u00e0 niveau afin de bien comprendre la suite.<\/li><\/ul>\n\n\n\n<p>Si vous n\u2019en avez pas besoin (ou quand c\u2019est revu) passez directement\n au 2 rubriques suivantes qui elles sont incontournables. Elles \nd\u00e9crivent les points communs \u00e0 toutes les technologies :<\/p>\n\n\n\n<ul class=\"wp-block-list\"><li><strong><a href=\"\/index.php\/le-b-a-ba-les-grandeurs\/\">Les grandeurs caract\u00e9ristiques des accus<\/a><\/strong> : La capacit\u00e9, la tension nominale et la r\u00e9sistance interne.<\/li><li><a href=\"\/index.php\/la-b-a-ba-fonctionnement\/\"><strong>Les phases de fonctionnement des accus<\/strong> <\/a>: La charge, la d\u00e9charge et par cons\u00e9quence la surcharge et l\u2019autod\u00e9charge.<\/li><\/ul>\n\n\n\n<p class=\"has-text-align-right has-medium-font-size\"><br><strong><a href=\"\/wpnicd\/index.php\/le-b-a-ba-les-revisions\/\">&gt;&gt;&gt; Le B.A.ba : Les r\u00e9visions<\/a><\/strong><\/p>\n","protected":false},"excerpt":{"rendered":"<p>On utilise tous des appareils portatifs. Couramment ils sont aliment\u00e9s par des piles. Le probl\u00e8me des piles c\u2019est qu\u2019une fois qu\u2019elles sont vides il faut les remplacer. Juste une petite remarque \u00e0 ce sujet il ne faut pas jeter les piles ou les accumulateurs, car ils polluent \u00e9norm\u00e9ment. Il faut les rapporter chez le vendeur [&hellip;]<\/p>\n","protected":false},"author":2,"featured_media":0,"parent":0,"menu_order":0,"comment_status":"closed","ping_status":"closed","template":"","meta":{"footnotes":""},"class_list":["post-1040","page","type-page","status-publish","hentry"],"_links":{"self":[{"href":"https:\/\/ni-cd.net\/wpnicd\/index.php\/wp-json\/wp\/v2\/pages\/1040"}],"collection":[{"href":"https:\/\/ni-cd.net\/wpnicd\/index.php\/wp-json\/wp\/v2\/pages"}],"about":[{"href":"https:\/\/ni-cd.net\/wpnicd\/index.php\/wp-json\/wp\/v2\/types\/page"}],"author":[{"embeddable":true,"href":"https:\/\/ni-cd.net\/wpnicd\/index.php\/wp-json\/wp\/v2\/users\/2"}],"replies":[{"embeddable":true,"href":"https:\/\/ni-cd.net\/wpnicd\/index.php\/wp-json\/wp\/v2\/comments?post=1040"}],"version-history":[{"count":5,"href":"https:\/\/ni-cd.net\/wpnicd\/index.php\/wp-json\/wp\/v2\/pages\/1040\/revisions"}],"predecessor-version":[{"id":1358,"href":"https:\/\/ni-cd.net\/wpnicd\/index.php\/wp-json\/wp\/v2\/pages\/1040\/revisions\/1358"}],"wp:attachment":[{"href":"https:\/\/ni-cd.net\/wpnicd\/index.php\/wp-json\/wp\/v2\/media?parent=1040"}],"curies":[{"name":"wp","href":"https:\/\/api.w.org\/{rel}","templated":true}]}}