{"id":1037,"date":"2020-02-19T21:30:56","date_gmt":"2020-02-19T21:30:56","guid":{"rendered":"https:\/\/testth.erfred.fr\/?page_id=1037"},"modified":"2020-08-25T20:41:00","modified_gmt":"2020-08-25T20:41:00","slug":"le-ba-b-a","status":"publish","type":"page","link":"https:\/\/ni-cd.net\/wpnicd\/index.php\/le-ba-b-a\/","title":{"rendered":"Le B.A.ba"},"content":{"rendered":"\n<div class=\"wp-block-image\"><figure class=\"alignleft size-large\"><img loading=\"lazy\" decoding=\"async\" width=\"150\" height=\"100\" src=\"https:\/\/ni-cd.net\/wpnicd\/wp-content\/uploads\/2019\/11\/babaaccus.gif\" alt=\"\" class=\"wp-image-82\"\/><\/figure><\/div>\n\n\n\n<p>               Cette rubrique s\u2019adresse \u00e0 ceux qui n\u2019y connaissent  absolument rien en accus, batteries, chargeurs, et qui d\u00e9sirent comprendre comment utiliser correctement ces b\u00eates l\u00e0 !<\/p>\n\n\n\n<p>Il vous serait tout de m\u00eame utile d\u2019avoir quelques notions en \nphysique \u00e9lectrique, savoir ce qu\u2019est une tension, un courant \u00e9lectrique\n et \u00e9videment la diff\u00e9rence entre les deux.<\/p>\n\n\n\n<p>Je vais donc essayer dans ces quelques pages de vous expliquer \nsimplement ce qu\u2019est un accu et comment l\u2019utiliser \u00e0 peu pr\u00e8s \ncorrectement.<\/p>\n\n\n\n<p>Vous allez trouver plusieurs sous-rubriques dans ces pages :<\/p>\n\n\n\n<p class=\"has-very-dark-gray-color has-text-color\"><strong>Les g\u00e9n\u00e9ralit\u00e9s :<\/strong> A lire prioritairement, vous y \ntrouverez toutes les caract\u00e9ristiques communes au fonctionnement des \naccus, avec quelques r\u00e9visions d\u2019\u00e9lectricit\u00e9.<\/p>\n\n\n\n<p>Ensuite quatre sous-rubriques ind\u00e9pendantes traitant chacune d\u2019une \ndes technologies principales d\u2019accumulateurs. Vous pouvez ne regarder \nici que ce qui vous int\u00e9resse. et passer \u00e0 la fin apr\u00e8s.<\/p>\n\n\n\n<p class=\"has-text-color\" style=\"color:#0071a1\"><strong>Les accus au Nickel<br>Les accus au Plomb<br>Les accus au Lithium<br>Les accus d\u2019autres technologies comme les Alcalines rechargeables<\/strong><\/p>\n\n\n\n<p>Et enfin <strong>une conclusion<\/strong> avec quelques conseils suppl\u00e9mentaires et un comparatif des principales caract\u00e9ristiques de chaque technologie<\/p>\n\n\n\n<p>Vous pouvez aussi obtenir l\u2019ensemble de ces pages en achetant mon \npetit livre \u00ab&nbsp;Initiation au monde des accumulateurs rechargeables&nbsp;\u00bb \ndisponible dans la librairie du site.<br>\nLe contenu de ces pages reste volontairement facilement abordable. Pour \nceux qui veulent plus de d\u00e9tails et\/ou entrer plus profond\u00e9ment dans la \ntechnique, passez \u00e0 la rubrique suivante : La Th\u00e9orie .<\/p>\n\n\n\n<p><strong><em>Bonne visite et si vous n\u2019avez pas tout compris, n\u2019h\u00e9sitez pas \u00e0 posez des questions\u2026<\/em><\/strong><\/p>\n\n\n\n<figure class=\"wp-block-gallery alignleft columns-1 is-cropped wp-block-gallery-1 is-layout-flex wp-block-gallery-is-layout-flex\"><ul class=\"blocks-gallery-grid\"><li class=\"blocks-gallery-item\"><figure><img loading=\"lazy\" decoding=\"async\" width=\"150\" height=\"100\" src=\"https:\/\/testth.erfred.fr\/wp-content\/uploads\/2019\/11\/babaaccus.gif\" alt=\"\" data-id=\"82\" class=\"wp-image-82\"\/><\/figure><\/li><\/ul><\/figure>\n\n\n\n<p>Erfred.<\/p>\n\n\n\n<p class=\"has-text-align-right has-medium-font-size\"><br><strong><a href=\"\/wpnicd\/index.php\/le-b-a-ba-cest-parti\/\">&gt;&gt;&gt;  Le B.A.ba, c\u2019est parti \u2026<\/a><\/strong><\/p>\n","protected":false},"excerpt":{"rendered":"<p>Cette rubrique s\u2019adresse \u00e0 ceux qui n\u2019y connaissent absolument rien en accus, batteries, chargeurs, et qui d\u00e9sirent comprendre comment utiliser correctement ces b\u00eates l\u00e0 ! Il vous serait tout de m\u00eame utile d\u2019avoir quelques notions en physique \u00e9lectrique, savoir ce qu\u2019est une tension, un courant \u00e9lectrique et \u00e9videment la diff\u00e9rence entre les deux. Je vais [&hellip;]<\/p>\n","protected":false},"author":2,"featured_media":0,"parent":0,"menu_order":0,"comment_status":"closed","ping_status":"closed","template":"","meta":{"footnotes":""},"class_list":["post-1037","page","type-page","status-publish","hentry"],"_links":{"self":[{"href":"https:\/\/ni-cd.net\/wpnicd\/index.php\/wp-json\/wp\/v2\/pages\/1037"}],"collection":[{"href":"https:\/\/ni-cd.net\/wpnicd\/index.php\/wp-json\/wp\/v2\/pages"}],"about":[{"href":"https:\/\/ni-cd.net\/wpnicd\/index.php\/wp-json\/wp\/v2\/types\/page"}],"author":[{"embeddable":true,"href":"https:\/\/ni-cd.net\/wpnicd\/index.php\/wp-json\/wp\/v2\/users\/2"}],"replies":[{"embeddable":true,"href":"https:\/\/ni-cd.net\/wpnicd\/index.php\/wp-json\/wp\/v2\/comments?post=1037"}],"version-history":[{"count":11,"href":"https:\/\/ni-cd.net\/wpnicd\/index.php\/wp-json\/wp\/v2\/pages\/1037\/revisions"}],"predecessor-version":[{"id":1501,"href":"https:\/\/ni-cd.net\/wpnicd\/index.php\/wp-json\/wp\/v2\/pages\/1037\/revisions\/1501"}],"wp:attachment":[{"href":"https:\/\/ni-cd.net\/wpnicd\/index.php\/wp-json\/wp\/v2\/media?parent=1037"}],"curies":[{"name":"wp","href":"https:\/\/api.w.org\/{rel}","templated":true}]}}